{"id":1529,"date":"2024-01-29T22:02:01","date_gmt":"2024-01-29T19:02:01","guid":{"rendered":"https:\/\/santral-group.com\/blog\/"},"modified":"2024-01-31T17:06:44","modified_gmt":"2024-01-31T14:06:44","slug":"blog","status":"publish","type":"page","link":"https:\/\/santral-group.com\/tr\/blog\/","title":{"rendered":"Blog"},"content":{"rendered":"<div class=\"wpb-content-wrapper\"><p>[vc_row][vc_column width=&#8221;1\/3&#8243;][vc_wp_posts title=&#8221;G\u00fcncel Yaz\u0131lar&#8221; number=&#8221;5&#8243;][\/vc_column][vc_column width=&#8221;2\/3&#8243;]<div><article class='post style-2'><header><a href='https:\/\/santral-group.com\/tr\/turkiyede-yatirim-danismanligi\/'><img loading=\"lazy\" decoding=\"async\" width=\"1000\" height=\"485\" src=\"https:\/\/santral-group.com\/wp-content\/uploads\/2024\/01\/real-estate-building-icon-concept.jpg\" class=\"attachment-blog-full size-blog-full wp-post-image\" alt=\"\" \/><\/a><div class='post-meta'><ul><li class='post-meta-comments'><i class='hovercolor fa fa-comment-o'><\/i><a href='https:\/\/santral-group.com\/tr\/turkiyede-yatirim-danismanligi\/#comments'>0 comments<\/a><\/li><li class='post-meta-categories'><i class='hovercolor fa fa-folder-o'><\/i><a href='https:\/\/santral-group.com\/tr\/category\/uncategorized-tr\/'>Uncategorized @tr<\/a><\/li><li class='post-meta-author'><i class='hovercolor fa fa-user'><\/i>posted by <a href='https:\/\/santral-group.com\/tr\/author\/admin\/' class='author'>admin<\/a><\/li><li class='post-meta-date'><i class='hovercolor fa fa-calendar'><\/i>29 Ocak 2024<\/li><\/ul><\/div><\/header><a href='https:\/\/santral-group.com\/tr\/turkiyede-yatirim-danismanligi\/' title='T\u00fcrkiye&#8217;de Yat\u0131r\u0131m Dan\u0131\u015fmanl\u0131\u011f\u0131'><h1>T\u00fcrkiye&#8217;de Yat\u0131r\u0131m Dan\u0131\u015fmanl\u0131\u011f\u0131<\/h1><\/a><div class='post-content clearfix'>\n<p>Yat\u0131r\u0131m dan\u0131\u015fmanl\u0131\u011f\u0131, m\u00fc\u015fterilerin T\u00fcrkiye&#8217;deki \u00e7e\u015fitli finansal ara\u00e7lara ili\u015fkin k\u00e2rl\u0131 ve riske g\u00f6re uyarlanm\u0131\u015f kararlar almas\u0131na yard\u0131mc\u0131 olan bir hizmettir. Bir yat\u0131r\u0131m dan\u0131\u015fman\u0131n\u0131n T\u00fcrkiye&#8217;nin farkl\u0131 b\u00f6lgelerindeki piyasa ko\u015fullar\u0131n\u0131, yasal d\u00fczenlemeleri ve m\u00fc\u015fteri ihtiya\u00e7lar\u0131n\u0131 iyi bilmesi gerekir. Bir yat\u0131r\u0131m dan\u0131\u015fman\u0131n\u0131n ayr\u0131ca \u0130ngilizce ve T\u00fcrk\u00e7e&#8217;nin yan\u0131 s\u0131ra yabanc\u0131 m\u00fc\u015fterilerin ihtiya\u00e7 duyabilece\u011fi di\u011fer dilleri de iyi derecede bilmesi gerekmektedir.<\/p>\n\n\n\n<p>T\u00fcrkiye&#8217;de yat\u0131r\u0131m dan\u0131\u015fman\u0131 olarak \u00e7al\u0131\u015fman\u0131n bir\u00e7ok faydas\u0131 vard\u0131r. Onlardan baz\u0131lar\u0131:<\/p>\n\n\n\n<p>T\u00fcrkiye, Avrupa, Asya ve Orta Do\u011fu&#8217;yu birbirine ba\u011flayan stratejik bir konumdad\u0131r. Finansal geli\u015fim ve yat\u0131r\u0131m i\u00e7in harika f\u0131rsatlar sunar.<\/p>\n\n\n\n<p>T\u00fcrkiye gen\u00e7 ve dinamik bir n\u00fcfusa, b\u00fcy\u00fcyen bir ekonomiye, zengin bir k\u00fclt\u00fcr ve tarihe ve \u00e7e\u015fitli do\u011fal g\u00fczelliklere sahiptir. Bu fakt\u00f6rler pek \u00e7ok yerli ve yabanc\u0131 yat\u0131r\u0131mc\u0131y\u0131 T\u00fcrk finans piyasas\u0131na \u00e7ekmektedir.<\/p>\n\n\n\n<p>T\u00fcrkiye&#8217;nin yabanc\u0131lara kar\u015f\u0131 dost canl\u0131s\u0131 ve misafirperver bir tutumu var. En az 250.000 ABD Dolar\u0131 tutar\u0131nda m\u00fclk sat\u0131n alanlara yat\u0131r\u0131m yoluyla vatanda\u015fl\u0131k gibi te\u015fvikler de sunuluyor.<\/p>\n\n\n\n<p>T\u00fcrkiye yol, k\u00f6pr\u00fc, havalimanlar\u0131, toplu ta\u015f\u0131ma gibi g\u00fc\u00e7l\u00fc ve modern bir altyap\u0131ya sahiptir. Ayr\u0131ca bir\u00e7ok al\u0131\u015fveri\u015f merkezi, restoran, kafe ve e\u011flence mekan\u0131yla canl\u0131 ve kozmopolit bir ya\u015fam tarz\u0131na sahiptir.<\/p>\n\n\n\n<p>Ancak T\u00fcrkiye&#8217;de bir yat\u0131r\u0131m dan\u0131\u015fman\u0131n\u0131n y\u00fczle\u015fmesi gereken baz\u0131 zorluklar ve riskler de var. Onlardan baz\u0131lar\u0131:<\/p>\n\n\n\n<p>T\u00fcrkiye, \u00f6zellikle m\u00fclkiyet ve vergilendirme konusunda karma\u015f\u0131k ve de\u011fi\u015fen bir hukuk sistemine sahiptir. Bir yat\u0131r\u0131m dan\u0131\u015fman\u0131 en son kural ve yasalardan haberdar olmal\u0131 ve m\u00fc\u015fterilerine buna g\u00f6re tavsiyelerde bulunmal\u0131d\u0131r.<\/p>\n\n\n\n<p>T\u00fcrkiye&#8217;de finans sekt\u00f6r\u00fcnde rekabet ve doygunluk y\u00fcksek d\u00fczeydedir. Bir yat\u0131r\u0131m dan\u0131\u015fman\u0131n\u0131n kendisini di\u011fer acente ve brokerlardan farkl\u0131la\u015ft\u0131rmas\u0131 ve m\u00fc\u015fterilerine kaliteli ve g\u00fcvenilir hizmetler sunmas\u0131 gerekir.<\/p>\n\n\n\n<p>T\u00fcrkiye de\u011fi\u015fken ve \u00f6ng\u00f6r\u00fclemeyen bir siyasi ve ekonomik duruma sahiptir. Yat\u0131r\u0131m dan\u0131\u015fman\u0131n\u0131n piyasadaki dalgalanmalar\u0131 ve riskleri takip etmesi, strateji ve beklentilerini buna g\u00f6re ayarlamas\u0131 gerekmektedir.<\/p>\n\n\n\n<p>T\u00fcrkiye, farkl\u0131 geleneklere, de\u011ferlere ve tercihlere sahip, \u00e7e\u015fitli ve \u00e7ok k\u00fclt\u00fcrl\u00fc bir topluma sahiptir. Bir yat\u0131r\u0131m dan\u0131\u015fman\u0131, m\u00fc\u015fterilerinin k\u00fclt\u00fcrel farkl\u0131l\u0131klar\u0131na ve hassasiyetlerine sayg\u0131 duymal\u0131, bunlar\u0131 anlamal\u0131 ve onlarla etkili bir \u015fekilde ileti\u015fim kurmal\u0131d\u0131r.<\/p>\n\n\n\n<p>\u00d6zetlemek gerekirse, T\u00fcrkiye&#8217;de yat\u0131r\u0131m dan\u0131\u015fmanl\u0131\u011f\u0131 \u00f6d\u00fcllendirici ama zorlu bir hizmettir. \u00c7ok fazla beceri, bilgi, deneyim ve \u00f6zveri gerektirir. Bir yat\u0131r\u0131m<\/p>\n\n\n\n<p>To summarize, investment consultancy in Turkey is a rewarding but challenging service. It requires a lot of skills, knowledge, experience, and dedication. An investment consultant has to be flexible, adaptable, and creative in order to succeed in this field.<\/p>\n<\/div><a class=\"btn btn-sm style-4\" href=\"https:\/\/santral-group.com\/tr\/turkiyede-yatirim-danismanligi\/\">Read more<\/a><\/article><article class='post style-2'><header><a href='https:\/\/santral-group.com\/tr\/turkiyede-gayrimenkul-danismanligi\/'><img loading=\"lazy\" decoding=\"async\" width=\"1000\" height=\"485\" src=\"https:\/\/santral-group.com\/wp-content\/uploads\/2024\/01\/male-real-estate-agent-doing-business-showing-house-potential-buying-couple.jpg\" class=\"attachment-blog-full size-blog-full wp-post-image\" alt=\"\" \/><\/a><div class='post-meta'><ul><li class='post-meta-comments'><i class='hovercolor fa fa-comment-o'><\/i><a href='https:\/\/santral-group.com\/tr\/turkiyede-gayrimenkul-danismanligi\/#comments'>0 comments<\/a><\/li><li class='post-meta-categories'><i class='hovercolor fa fa-folder-o'><\/i><a href='https:\/\/santral-group.com\/tr\/category\/uncategorized-tr\/'>Uncategorized @tr<\/a><\/li><li class='post-meta-author'><i class='hovercolor fa fa-user'><\/i>posted by <a href='https:\/\/santral-group.com\/tr\/author\/admin\/' class='author'>admin<\/a><\/li><li class='post-meta-date'><i class='hovercolor fa fa-calendar'><\/i>29 Ocak 2024<\/li><\/ul><\/div><\/header><a href='https:\/\/santral-group.com\/tr\/turkiyede-gayrimenkul-danismanligi\/' title='T\u00fcrkiye&#8217;de Gayrimenkul Dan\u0131\u015fmanl\u0131\u011f\u0131'><h1>T\u00fcrkiye&#8217;de Gayrimenkul Dan\u0131\u015fmanl\u0131\u011f\u0131<\/h1><\/a><div class='post-content clearfix'>\n<p>Gayrimenkul dan\u0131\u015fmanl\u0131\u011f\u0131, insanlar\u0131n T\u00fcrkiye&#8217;de m\u00fclk sat\u0131n almas\u0131na, satmas\u0131na, kiralamas\u0131na veya yat\u0131r\u0131m yapmas\u0131na yard\u0131mc\u0131 olan bir meslektir. Bir gayrimenkul dan\u0131\u015fman\u0131n\u0131n T\u00fcrkiye&#8217;nin farkl\u0131 b\u00f6lgelerindeki pazar e\u011filimleri, yasal prosed\u00fcrler ve m\u00fc\u015fteri ihtiya\u00e7lar\u0131 hakk\u0131nda bilgi sahibi olmas\u0131 gerekir. Bir emlak dan\u0131\u015fman\u0131n\u0131n ayn\u0131 zamanda \u0130ngilizce ve T\u00fcrk\u00e7e&#8217;nin yan\u0131 s\u0131ra yabanc\u0131 m\u00fc\u015fterilerin ihtiya\u00e7 duyabilece\u011fi di\u011fer dilleri de iyi derecede bilmesi gerekmektedir.<\/p>\n\n\n\n<p>T\u00fcrkiye&#8217;de gayrimenkul dan\u0131\u015fman\u0131 olarak \u00e7al\u0131\u015fman\u0131n bir\u00e7ok avantaj\u0131 vard\u0131r. Onlardan baz\u0131lar\u0131:<\/p>\n\n\n\n<p>T\u00fcrkiye, Avrupa, Asya ve Orta Do\u011fu&#8217;yu birbirine ba\u011flayan stratejik bir konumdad\u0131r. Gayrimenkul geli\u015ftirme ve yat\u0131r\u0131m i\u00e7in harika f\u0131rsatlar sunuyor.<\/p>\n\n\n\n<p>T\u00fcrkiye gen\u00e7 ve dinamik bir n\u00fcfusa, b\u00fcy\u00fcyen bir ekonomiye, zengin bir k\u00fclt\u00fcr ve tarihe ve \u00e7e\u015fitli do\u011fal g\u00fczelliklere sahiptir. Bu fakt\u00f6rler bir\u00e7ok yerli ve yabanc\u0131 al\u0131c\u0131 ve kirac\u0131y\u0131 T\u00fcrk emlak piyasas\u0131na \u00e7ekmektedir.<\/p>\n\n\n\n<p>T\u00fcrkiye&#8217;nin yabanc\u0131lara kar\u015f\u0131 dost canl\u0131s\u0131 ve misafirperver bir tutumu var. En az 250.000 ABD Dolar\u0131 tutar\u0131nda m\u00fclk sat\u0131n alanlara yat\u0131r\u0131m yoluyla vatanda\u015fl\u0131k gibi te\u015fvikler de sunuluyor.<\/p>\n\n\n\n<p>T\u00fcrkiye yol, k\u00f6pr\u00fc, havalimanlar\u0131, toplu ta\u015f\u0131ma gibi g\u00fc\u00e7l\u00fc ve modern bir altyap\u0131ya sahiptir. Ayr\u0131ca bir\u00e7ok al\u0131\u015fveri\u015f merkezi, restoran, kafe ve e\u011flence mekan\u0131yla canl\u0131 ve kozmopolit bir ya\u015fam tarz\u0131na sahiptir.<\/p>\n\n\n\n<p>Ancak T\u00fcrkiye&#8217;de bir gayrimenkul dan\u0131\u015fman\u0131n\u0131n y\u00fczle\u015fmesi gereken baz\u0131 zorluklar ve riskler de var. Onlardan baz\u0131lar\u0131:<\/p>\n\n\n\n<p>T\u00fcrkiye, \u00f6zellikle m\u00fclkiyet ve vergilendirme konusunda karma\u015f\u0131k ve de\u011fi\u015fen bir hukuk sistemine sahiptir. Bir emlak dan\u0131\u015fman\u0131 en son d\u00fczenleme ve yasalardan haberdar olmal\u0131 ve m\u00fc\u015fterilerine buna g\u00f6re tavsiyelerde bulunmal\u0131d\u0131r.<\/p>\n\n\n\n<p>T\u00fcrkiye&#8217;de gayrimenkul sekt\u00f6r\u00fcnde rekabet ve doygunluk y\u00fcksek d\u00fczeydedir. Bir emlak dan\u0131\u015fman\u0131 kendisini di\u011fer acente ve brokerlardan farkl\u0131la\u015ft\u0131rmal\u0131, m\u00fc\u015fterilerine kaliteli ve g\u00fcvenilir hizmetler sunmal\u0131d\u0131r.<\/p>\n\n\n\n<p>T\u00fcrkiye de\u011fi\u015fken ve \u00f6ng\u00f6r\u00fclemeyen bir siyasi ve ekonomik duruma sahiptir. Gayrimenkul dan\u0131\u015fman\u0131n\u0131n piyasadaki dalgalanmalar\u0131 ve riskleri takip etmesi, strateji ve beklentilerini buna g\u00f6re ayarlamas\u0131 gerekmektedir.<\/p>\n\n\n\n<p>T\u00fcrkiye, farkl\u0131 geleneklere, de\u011ferlere ve tercihlere sahip, \u00e7e\u015fitli ve \u00e7ok k\u00fclt\u00fcrl\u00fc bir topluma sahiptir. Bir gayrimenkul dan\u0131\u015fman\u0131, m\u00fc\u015fterilerinin k\u00fclt\u00fcrel farkl\u0131l\u0131klar\u0131na ve hassasiyetlerine sayg\u0131 duymal\u0131, bunlar\u0131 anlamal\u0131 ve onlarla etkili bir \u015fekilde ileti\u015fim kurmal\u0131d\u0131r.<\/p>\n\n\n\n<p>\u00d6zetlemek gerekirse T\u00fcrkiye&#8217;de gayrimenkul dan\u0131\u015fmanl\u0131\u011f\u0131 \u00f6d\u00fcllendirici ama zorlu bir meslektir. \u00c7ok fazla beceri, bilgi, deneyim ve \u00f6zveri gerektirir. Bir gayrimenkul dan\u0131\u015fman\u0131n\u0131n bu alanda ba\u015far\u0131l\u0131 olabilmesi i\u00e7in esnek, uyarlanabilir ve yarat\u0131c\u0131 olmas\u0131 gerekir.<\/p>\n<\/div><a class=\"btn btn-sm style-4\" href=\"https:\/\/santral-group.com\/tr\/turkiyede-gayrimenkul-danismanligi\/\">Read more<\/a><\/article><article class='post style-2'><header><a href='https:\/\/santral-group.com\/tr\/turkiyede-dis-ticaret-danismanligi\/'><img loading=\"lazy\" decoding=\"async\" width=\"1000\" height=\"485\" src=\"https:\/\/santral-group.com\/wp-content\/uploads\/2024\/01\/trade-consultancy.jpg\" class=\"attachment-blog-full size-blog-full wp-post-image\" alt=\"\" \/><\/a><div class='post-meta'><ul><li class='post-meta-comments'><i class='hovercolor fa fa-comment-o'><\/i><a href='https:\/\/santral-group.com\/tr\/turkiyede-dis-ticaret-danismanligi\/#comments'>0 comments<\/a><\/li><li class='post-meta-categories'><i class='hovercolor fa fa-folder-o'><\/i><a href='https:\/\/santral-group.com\/tr\/category\/uncategorized-tr\/'>Uncategorized @tr<\/a><\/li><li class='post-meta-author'><i class='hovercolor fa fa-user'><\/i>posted by <a href='https:\/\/santral-group.com\/tr\/author\/admin\/' class='author'>admin<\/a><\/li><li class='post-meta-date'><i class='hovercolor fa fa-calendar'><\/i>29 Ocak 2024<\/li><\/ul><\/div><\/header><a href='https:\/\/santral-group.com\/tr\/turkiyede-dis-ticaret-danismanligi\/' title='T\u00fcrkiye&#8217;de D\u0131\u015f Ticaret Dan\u0131\u015fmanl\u0131\u011f\u0131'><h1>T\u00fcrkiye&#8217;de D\u0131\u015f Ticaret Dan\u0131\u015fmanl\u0131\u011f\u0131<\/h1><\/a><div class='post-content clearfix'>\n<p>D\u0131\u015f ticaret dan\u0131\u015fmanl\u0131\u011f\u0131, m\u00fc\u015fterilerin T\u00fcrkiye&#8217;deki mal ve hizmetlerin ithalat\u0131 ve ihracat\u0131 ile ilgili \u00e7e\u015fitli sorunlar\u0131n \u00e7\u00f6z\u00fcm\u00fcnde yard\u0131mc\u0131 olan bir hizmettir. Bir d\u0131\u015f ticaret dan\u0131\u015fman\u0131n\u0131n T\u00fcrkiye&#8217;nin farkl\u0131 b\u00f6lgelerindeki piyasa ko\u015fullar\u0131n\u0131, yasal d\u00fczenlemeleri ve m\u00fc\u015fteri ihtiya\u00e7lar\u0131n\u0131 iyi bilmesi gerekir. D\u0131\u015f ticaret dan\u0131\u015fman\u0131n\u0131n ayn\u0131 zamanda \u0130ngilizce ve T\u00fcrk\u00e7e&#8217;nin yan\u0131 s\u0131ra yabanc\u0131 m\u00fc\u015fterilerin ihtiya\u00e7 duyabilece\u011fi di\u011fer dilleri de iyi derecede bilmesi gerekmektedir.<\/p>\n\n\n\n<p>T\u00fcrkiye&#8217;de d\u0131\u015f ticaret dan\u0131\u015fman\u0131 olarak \u00e7al\u0131\u015fman\u0131n bir\u00e7ok faydas\u0131 vard\u0131r. Onlardan baz\u0131lar\u0131:<\/p>\n\n\n\n<p>T\u00fcrkiye, Avrupa, Asya ve Orta Do\u011fu&#8217;yu birbirine ba\u011flayan stratejik bir konumdad\u0131r. D\u0131\u015f ticaretin geli\u015fimi ve yat\u0131r\u0131m\u0131 i\u00e7in b\u00fcy\u00fck f\u0131rsatlar sunmaktad\u0131r.<\/p>\n\n\n\n<p>T\u00fcrkiye gen\u00e7 ve dinamik bir n\u00fcfusa, b\u00fcy\u00fcyen bir ekonomiye, zengin bir k\u00fclt\u00fcr ve tarihe ve \u00e7e\u015fitli do\u011fal g\u00fczelliklere sahiptir. Bu fakt\u00f6rler bir\u00e7ok yerli ve yabanc\u0131 al\u0131c\u0131 ve sat\u0131c\u0131y\u0131 T\u00fcrk d\u0131\u015f ticaret pazar\u0131na \u00e7ekmektedir.<\/p>\n\n\n\n<p>T\u00fcrkiye&#8217;nin yabanc\u0131lara kar\u015f\u0131 dost canl\u0131s\u0131 ve misafirperver bir tutumu var. En az 250.000 ABD Dolar\u0131 tutar\u0131nda m\u00fclk sat\u0131n alanlara yat\u0131r\u0131m yoluyla vatanda\u015fl\u0131k gibi te\u015fvikler de sunuluyor.<\/p>\n\n\n\n<p>T\u00fcrkiye yol, k\u00f6pr\u00fc, havalimanlar\u0131, toplu ta\u015f\u0131ma gibi g\u00fc\u00e7l\u00fc ve modern bir altyap\u0131ya sahiptir. Ayr\u0131ca bir\u00e7ok al\u0131\u015fveri\u015f merkezi, restoran, kafe ve e\u011flence mekan\u0131yla canl\u0131 ve kozmopolit bir ya\u015fam tarz\u0131na sahiptir.<\/p>\n\n\n\n<p>Ancak T\u00fcrkiye&#8217;de bir d\u0131\u015f ticaret dan\u0131\u015fman\u0131n\u0131n y\u00fczle\u015fmesi gereken baz\u0131 zorluklar ve riskler de vard\u0131r. Onlardan baz\u0131lar\u0131:<\/p>\n\n\n\n<p>T\u00fcrkiye, \u00f6zellikle m\u00fclkiyet ve vergilendirme konusunda karma\u015f\u0131k ve de\u011fi\u015fen bir hukuk sistemine sahiptir. Bir d\u0131\u015f ticaret dan\u0131\u015fman\u0131n\u0131n en son kural ve kanunlardan haberdar olmas\u0131 ve m\u00fc\u015fterilerine buna g\u00f6re tavsiyelerde bulunmas\u0131 gerekir.<\/p>\n\n\n\n<p>T\u00fcrkiye d\u0131\u015f ticaret sekt\u00f6r\u00fcnde y\u00fcksek d\u00fczeyde rekabet ve doygunlu\u011fa sahiptir. Bir d\u0131\u015f ticaret dan\u0131\u015fman\u0131n\u0131n kendisini di\u011fer acente ve brokerlardan farkl\u0131la\u015ft\u0131rmas\u0131, m\u00fc\u015fterilerine kaliteli ve g\u00fcvenilir hizmet sunmas\u0131 gerekir.<\/p>\n\n\n\n<p>T\u00fcrkiye de\u011fi\u015fken ve \u00f6ng\u00f6r\u00fclemeyen bir siyasi ve ekonomik duruma sahiptir. D\u0131\u015f ticaret dan\u0131\u015fman\u0131n\u0131n piyasadaki dalgalanmalar\u0131 ve riskleri takip etmesi, strateji ve beklentilerini buna g\u00f6re ayarlamas\u0131 gerekmektedir.<\/p>\n\n\n\n<p>T\u00fcrkiye, farkl\u0131 geleneklere, de\u011ferlere ve tercihlere sahip, \u00e7e\u015fitli ve \u00e7ok k\u00fclt\u00fcrl\u00fc bir topluma sahiptir. Bir d\u0131\u015f ticaret dan\u0131\u015fman\u0131, m\u00fc\u015fterilerinin k\u00fclt\u00fcrel farkl\u0131l\u0131klar\u0131na ve hassasiyetlerine sayg\u0131 duymal\u0131, onlar\u0131 anlamal\u0131 ve onlarla etkili ileti\u015fim kurmal\u0131d\u0131r.<\/p>\n\n\n\n<p>\u00d6zetlemek gerekirse, T\u00fcrkiye&#8217;de d\u0131\u015f ticaret dan\u0131\u015fmanl\u0131\u011f\u0131 \u00f6d\u00fcllendirici ama zorlu bir hizmettir. \u00c7ok fazla beceri, bilgi, deneyim ve \u00f6zveri gerektirir. Yabanc\u0131 bir t<\/p>\n<\/div><a class=\"btn btn-sm style-4\" href=\"https:\/\/santral-group.com\/tr\/turkiyede-dis-ticaret-danismanligi\/\">Read more<\/a><\/article><\/div>[\/vc_column][\/vc_row]<\/p>\n<\/div>","protected":false},"excerpt":{"rendered":"<p>[vc_row][vc_column width=&#8221;1\/3&#8243;][vc_wp_posts title=&#8221;G\u00fcncel Yaz\u0131lar&#8221; number=&#8221;5&#8243;][\/vc_column][vc_column width=&#8221;2\/3&#8243;][\/vc_column][\/vc_row]<\/p>\n","protected":false},"author":1,"featured_media":0,"parent":0,"menu_order":0,"comment_status":"closed","ping_status":"closed","template":"","meta":{"footnotes":""},"class_list":["post-1529","page","type-page","status-publish","hentry"],"_links":{"self":[{"href":"https:\/\/santral-group.com\/tr\/wp-json\/wp\/v2\/pages\/1529","targetHints":{"allow":["GET"]}}],"collection":[{"href":"https:\/\/santral-group.com\/tr\/wp-json\/wp\/v2\/pages"}],"about":[{"href":"https:\/\/santral-group.com\/tr\/wp-json\/wp\/v2\/types\/page"}],"author":[{"embeddable":true,"href":"https:\/\/santral-group.com\/tr\/wp-json\/wp\/v2\/users\/1"}],"replies":[{"embeddable":true,"href":"https:\/\/santral-group.com\/tr\/wp-json\/wp\/v2\/comments?post=1529"}],"version-history":[{"count":1,"href":"https:\/\/santral-group.com\/tr\/wp-json\/wp\/v2\/pages\/1529\/revisions"}],"predecessor-version":[{"id":1530,"href":"https:\/\/santral-group.com\/tr\/wp-json\/wp\/v2\/pages\/1529\/revisions\/1530"}],"wp:attachment":[{"href":"https:\/\/santral-group.com\/tr\/wp-json\/wp\/v2\/media?parent=1529"}],"curies":[{"name":"wp","href":"https:\/\/api.w.org\/{rel}","templated":true}]}}