{"id":1291,"date":"2014-11-11T11:14:05","date_gmt":"2014-11-11T08:14:05","guid":{"rendered":"https:\/\/santral-group.com\/about-us\/"},"modified":"2024-01-31T17:02:31","modified_gmt":"2024-01-31T14:02:31","slug":"hakkimizda","status":"publish","type":"page","link":"https:\/\/santral-group.com\/tr\/hakkimizda\/","title":{"rendered":"Hakk\u0131m\u0131zda"},"content":{"rendered":"<div class=\"wpb-content-wrapper\"><p>[vc_row][vc_column width=&#8221;1\/2&#8243;][vc_single_image image=&#8221;875&#8243; img_size=&#8221;full&#8221; alignment=&#8221;center&#8221;][\/vc_column][vc_column width=&#8221;1\/2&#8243;][vc_column_text]Santral International Group, kuruldu\u011fu g\u00fcnden bu yana, m\u00fc\u015fterilerinin \u00e7\u0131karlar\u0131n\u0131 g\u00f6zeterek, hedeflerine ula\u015fmalar\u0131 ve m\u00fc\u015fterilerinin beklentilerini kar\u015f\u0131lamalar\u0131 i\u00e7in ihtiya\u00e7 duyduklar\u0131 y\u00fcksek kaliteli ve profesyonel hizmeti sunmak i\u00e7in \u00e7ok \u00e7al\u0131\u015farak de\u011ferlerini do\u011frulamaya \u00e7al\u0131\u015fm\u0131\u015ft\u0131r. . M\u00fc\u015fterilerimizin bize verdi\u011fi memnuniyet ve g\u00fcven ile kutsand\u0131k.<\/p>\n<p>Kurdu\u011fumuz i\u015f ili\u015fkilerinin yan\u0131 s\u0131ra T\u00fcrkiye ve Orta Do\u011fu&#8217;daki kal\u0131c\u0131 varl\u0131\u011f\u0131m\u0131z, i\u015f ortam\u0131n\u0131, ticareti ve yat\u0131r\u0131m\u0131 daha yak\u0131ndan g\u00f6rmemize olanak tan\u0131d\u0131 ve bu da daha fazla ba\u015far\u0131 ve ilerici b\u00fcy\u00fcme elde etmemizi m\u00fcmk\u00fcn k\u0131l\u0131yor. Bu, Arap d\u00fcnyas\u0131, T\u00fcrkiye ve t\u00fcm d\u00fcnya aras\u0131nda ticareti ve yat\u0131r\u0131m\u0131 geli\u015ftirmek ve g\u00fcven in\u015fa etmek konusunda bizim a\u00e7\u0131m\u0131zdan daha b\u00fcy\u00fck bir sorumluluk ve kararl\u0131l\u0131k duygusu yaratt\u0131.<\/p>\n<p>Santral International Group, Arap ve T\u00fcrkiye pazar\u0131nda 30 y\u0131l\u0131 a\u015fk\u0131n s\u00fcredir edindi\u011fimiz tecr\u00fcbe sayesinde T\u00fcrkiye pazar\u0131ndaki \u015firketlerin, yat\u0131r\u0131mc\u0131lar\u0131n, i\u015f adamlar\u0131n\u0131n ve yat\u0131r\u0131m ve i\u015f f\u0131rsat\u0131 arayanlar\u0131n g\u00fcvenini kazanmay\u0131 ba\u015fard\u0131.<\/p>\n<p>Plan\u0131m\u0131z ba\u015f\u0131ndan beri i\u015f adamlar\u0131n\u0131 do\u011fru yola sokmay\u0131 ve T\u00fcrkiye pazar\u0131 satran\u00e7 tahtas\u0131nda do\u011fru hamleyle ba\u015flamalar\u0131na yard\u0131mc\u0131 olmay\u0131 ama\u00e7l\u0131yordu. Vizyonumuz piyasada tek olmad\u0131\u011f\u0131m\u0131z\u0131n bilincindeyiz ama hedefimiz Allah&#8217;\u0131n izniyle en iyisi olmakt\u0131r.<\/p>\n<p>T\u00fcrkiye pazar\u0131nda son 30 y\u0131ld\u0131r Arap t\u00fcccar, i\u015f adam\u0131 ve yat\u0131r\u0131mc\u0131lar\u0131n hizmetinde olmaktan gurur duyuyor, gelece\u011fe umut ve iyimserlikle bak\u0131yoruz.<\/p>\n<p>Arap pazarlar\u0131ndaki varl\u0131\u011f\u0131m\u0131z\u0131n \u00f6n\u00fcm\u00fczdeki y\u0131llarda daha da g\u00fc\u00e7l\u00fc olmas\u0131n\u0131 ve Santral Grup&#8217;un T\u00fcrkiye&#8217;deki en eski Arap ticari kurulu\u015flar\u0131ndan biri olarak sahip oldu\u011fu itibar\u0131 s\u00fcrd\u00fcrmesini bekliyoruz.[\/vc_column_text][vc_empty_space height=&#8221;20px&#8221;]<h5 class='heading-middle  style-1' ><span>Y\u00f6netim Kurulu Ba\u015fkan\u0131 Gazi M\u0131s\u0131rl\u0131<\/span><\/h5>[\/vc_column][\/vc_row][vc_row][vc_column width=&#8221;1\/2&#8243;][vc_empty_space height=&#8221;50px&#8221;]<div class=\"icon-m icon-m--style-1\"><div class=\"icon-m__header\"><div class=\"icon-m__media\"><i class=\"far fa-eye\"><\/i><\/div><div class=\"icon-m__title\">V\u0130ZYONUMUZ<\/div><\/div><div class=\"icon-m__text\">Uluslararas\u0131 ticaret, pazarlama ve yat\u0131r\u0131m alan\u0131nda lider bir k\u00fcresel \u015firket olmay\u0131 hedefliyoruz.<\/div><\/div>[vc_empty_space height=&#8221;50px&#8221;][\/vc_column][vc_column width=&#8221;1\/2&#8243;][vc_empty_space height=&#8221;50px&#8221;]<div class=\"icon-m icon-m--style-1\"><div class=\"icon-m__header\"><div class=\"icon-m__media\"><i class=\"fas fa-bullseye\"><\/i><\/div><div class=\"icon-m__title\">M\u0130SYONUMUZ<\/div><\/div><div class=\"icon-m__text\">M\u00fc\u015fterilerimize \u00fcst\u00fcn hizmetler sunmak ve ticaret ve yat\u0131r\u0131m konusundaki hedeflerine ula\u015fmak.<\/div><\/div>[vc_empty_space height=&#8221;50px&#8221;][\/vc_column][\/vc_row][vc_row][vc_column]<h5 class='heading-left  style-1' ><span>B\u0130Z\u0130 FARKLI KILAN NED\u0130R?<\/span><\/h5>[vc_empty_space height=&#8221;20px&#8221;][\/vc_column][\/vc_row][vc_row][vc_column width=&#8221;1\/4&#8243;]<div class=\"icon-m icon-m--style-1\"><div class=\"icon-m__header\"><div class=\"icon-m__media\"><i class=\"far fa-star-half\"><\/i><\/div><div class=\"icon-m__title\">SEKT\u00d6RDE \u00d6NC\u00dc<\/div><\/div><div class=\"icon-m__text\">T\u00fcrkiye pazar\u0131n\u0131n ticaret ve yat\u0131r\u0131m a\u00e7\u0131s\u0131ndan olduk\u00e7a yo\u011fun bir merkez oldu\u011fu de\u011ferlendiriliyor. Ancak Santral International Group, 30 y\u0131l\u0131 a\u015fk\u0131n s\u00fcredir uluslararas\u0131 ticaret ve yat\u0131r\u0131mda \u00f6nc\u00fc bir rol \u00fcstlenmektedir. Son 30 y\u0131ld\u0131r i\u015f, uluslararas\u0131 ticaret ve yat\u0131r\u0131m alanlar\u0131ndaki aktif varl\u0131\u011f\u0131m\u0131z, bize, temelleri kazand\u0131\u011f\u0131m\u0131z g\u00fcven ve ili\u015fkilerimizi s\u00fcrd\u00fcrme iste\u011fi olan g\u00fc\u00e7l\u00fc bir uluslararas\u0131 ili\u015fkiler platformu in\u015fa etmek i\u00e7in ihtiya\u00e7 duydu\u011fumuz sa\u011flam zemini sa\u011flad\u0131. pazarda \u00f6nc\u00fc bir yer.<\/div><\/div>[\/vc_column][vc_column width=&#8221;1\/4&#8243;]<div class=\"icon-m icon-m--style-1\"><div class=\"icon-m__header\"><div class=\"icon-m__media\"><i class=\"fas fa-briefcase\"><\/i><\/div><div class=\"icon-m__title\">SIKI \u00c7ALI\u015eMA ve TEKN\u0130K B\u0130LG\u0130<\/div><\/div><div class=\"icon-m__text\">30 y\u0131ld\u0131r en iyi hizmeti veriyor ve yat\u0131r\u0131mc\u0131n\u0131n t\u00fcm ihtiya\u00e7lar\u0131n\u0131 kar\u015f\u0131l\u0131yoruz. Bu alanda \u00f6nc\u00fc olmam\u0131z\u0131 ve liderlik etmemizi sa\u011flayan i\u015fimizi ve markam\u0131z\u0131 her zaman daha da geli\u015ftirmek i\u00e7in \u00e7al\u0131\u015f\u0131yoruz. Vizyonumuz, pazarda tek olmay\u0131p hedefimiz en iyisi olmakt\u0131r.<\/div><\/div>[\/vc_column][vc_column width=&#8221;1\/4&#8243;]<div class=\"icon-m icon-m--style-1\"><div class=\"icon-m__header\"><div class=\"icon-m__media\"><i class=\"far fa-check-circle\"><\/i><\/div><div class=\"icon-m__title\">\u015eEFFAFLIK VE G\u00dcVEN\u0130L\u0130RL\u0130K<\/div><\/div><div class=\"icon-m__text\">T\u00fcrkiye pazar\u0131n\u0131n ticaret ve yat\u0131r\u0131m a\u00e7\u0131s\u0131ndan olduk\u00e7a yo\u011fun bir merkez oldu\u011fu de\u011ferlendiriliyor. Ancak Santral International Group, 30 y\u0131l\u0131 a\u015fk\u0131n s\u00fcredir uluslararas\u0131 ticaret ve yat\u0131r\u0131mda \u00f6nc\u00fc bir rol \u00fcstlenmektedir. Son 30 y\u0131ld\u0131r i\u015f, uluslararas\u0131 ticaret ve yat\u0131r\u0131m alanlar\u0131ndaki aktif varl\u0131\u011f\u0131m\u0131z, bize, temelleri kazand\u0131\u011f\u0131m\u0131z g\u00fcven ve ili\u015fkilerimizi s\u00fcrd\u00fcrme iste\u011fi olan g\u00fc\u00e7l\u00fc bir uluslararas\u0131 ili\u015fkiler platformu in\u015fa etmek i\u00e7in ihtiya\u00e7 duydu\u011fumuz sa\u011flam zemini sa\u011flad\u0131. pazarda \u00f6nc\u00fc bir yer.<\/div><\/div>[\/vc_column][vc_column width=&#8221;1\/4&#8243;]<div class=\"icon-m icon-m--style-1\"><div class=\"icon-m__header\"><div class=\"icon-m__media\"><i class=\"fas fa-users\"><\/i><\/div><div class=\"icon-m__title\">EK\u0130B\u0130M\u0130Z<\/div><\/div><div class=\"icon-m__text\">Santral International Group'un ekibi ve personeli, sundu\u011fumuz hizmetler sayesinde yat\u0131r\u0131m ve i\u015f f\u0131rsatlar\u0131 i\u00e7in en iyi se\u00e7imi se\u00e7menize, ama\u00e7 ve hedeflerinize ula\u015fman\u0131za yard\u0131mc\u0131 olmak i\u00e7in son 30 y\u0131lda ola\u011fan\u00fcst\u00fc e\u011fitim ve deneyim kazanm\u0131\u015ft\u0131r. Yat\u0131r\u0131m\u0131n daha g\u00fcvenli hale getirilmesi ve daha iyi kar elde edilmesi i\u00e7in gerekli olan insan haklar\u0131 hizmetleri, mali raporlar ve piyasa ara\u015ft\u0131rmalar\u0131 sa\u011flayan \u015firketlere T\u00fcrk h\u00fck\u00fcmeti ve Avrupa Birli\u011fi taraf\u0131ndan sunulan Yat\u0131r\u0131m Te\u015fvik Rehberini raporlar halinde sunuyor ve sizlere tan\u0131t\u0131yoruz.<\/div><\/div>[\/vc_column][\/vc_row]<\/p>\n<\/div>","protected":false},"excerpt":{"rendered":"<p>[vc_row][vc_column width=&#8221;1\/2&#8243;][vc_single_image image=&#8221;875&#8243; img_size=&#8221;full&#8221; alignment=&#8221;center&#8221;][\/vc_column][vc_column width=&#8221;1\/2&#8243;][vc_column_text]Santral International Group, kuruldu\u011fu g\u00fcnden bu yana, m\u00fc\u015fterilerinin \u00e7\u0131karlar\u0131n\u0131 g\u00f6zeterek, hedeflerine ula\u015fmalar\u0131 ve m\u00fc\u015fterilerinin beklentilerini kar\u015f\u0131lamalar\u0131 i\u00e7in ihtiya\u00e7 duyduklar\u0131 y\u00fcksek kaliteli ve profesyonel hizmeti sunmak i\u00e7in \u00e7ok \u00e7al\u0131\u015farak de\u011ferlerini do\u011frulamaya \u00e7al\u0131\u015fm\u0131\u015ft\u0131r. . M\u00fc\u015fterilerimizin bize verdi\u011fi&#8230;<\/p>\n","protected":false},"author":1,"featured_media":0,"parent":0,"menu_order":0,"comment_status":"open","ping_status":"open","template":"","meta":{"footnotes":""},"class_list":["post-1291","page","type-page","status-publish","hentry"],"_links":{"self":[{"href":"https:\/\/santral-group.com\/tr\/wp-json\/wp\/v2\/pages\/1291","targetHints":{"allow":["GET"]}}],"collection":[{"href":"https:\/\/santral-group.com\/tr\/wp-json\/wp\/v2\/pages"}],"about":[{"href":"https:\/\/santral-group.com\/tr\/wp-json\/wp\/v2\/types\/page"}],"author":[{"embeddable":true,"href":"https:\/\/santral-group.com\/tr\/wp-json\/wp\/v2\/users\/1"}],"replies":[{"embeddable":true,"href":"https:\/\/santral-group.com\/tr\/wp-json\/wp\/v2\/comments?post=1291"}],"version-history":[{"count":3,"href":"https:\/\/santral-group.com\/tr\/wp-json\/wp\/v2\/pages\/1291\/revisions"}],"predecessor-version":[{"id":1525,"href":"https:\/\/santral-group.com\/tr\/wp-json\/wp\/v2\/pages\/1291\/revisions\/1525"}],"wp:attachment":[{"href":"https:\/\/santral-group.com\/tr\/wp-json\/wp\/v2\/media?parent=1291"}],"curies":[{"name":"wp","href":"https:\/\/api.w.org\/{rel}","templated":true}]}}