{"id":1285,"date":"2014-12-10T07:17:49","date_gmt":"2014-12-10T04:17:49","guid":{"rendered":"https:\/\/santral-group.com\/investment\/"},"modified":"2024-02-08T18:43:06","modified_gmt":"2024-02-08T15:43:06","slug":"yatirim-danismanligi","status":"publish","type":"page","link":"https:\/\/santral-group.com\/tr\/yatirim-danismanligi\/","title":{"rendered":"YATIRIM DANI\u015eMANLI\u011eI"},"content":{"rendered":"<div class=\"wpb-content-wrapper\"><p>[vc_row css=&#8221;.vc_custom_1418308873677{padding-top: 10px !important;}&#8221; has_content=&#8221;true&#8221;][vc_column]<h5 class='heading-content  style-1' ><span>Yat\u0131r\u0131m Dan\u0131\u015fmanl\u0131\u011f\u0131<\/span><\/h5>[vc_column_text]<strong>Santral Yat\u0131r\u0131m \u015eirketi, Santral International Group \u015firketlerinden biridir.<\/strong>[\/vc_column_text][vc_empty_space height=&#8221;20px&#8221;][vc_column_text]Santral Grup, yerel ve uluslararas\u0131 uzman ofislerden piyasa \u00e7al\u0131\u015fmalar\u0131 ve akredite uluslararas\u0131 ofislerden hukuki \u00e7al\u0131\u015fmalar sa\u011flayarak, m\u00fc\u015fterilerimize gayrimenkul ve end\u00fcstriyel yat\u0131r\u0131m ve f\u0131rsatlar konusunda geni\u015f bir yelpazede dan\u0131\u015fmanl\u0131k hizmeti sunmaktad\u0131r.<\/p>\n<p>Hizmetlerimiz aras\u0131nda \u00f6zel \u00e7al\u0131\u015fmalar, risk \u00e7al\u0131\u015fmalar\u0131, yat\u0131r\u0131m portf\u00f6ylerinin ve finansman y\u00f6ntemlerinin \u00e7e\u015fitlendirilmesine y\u00f6nelik farkl\u0131 yat\u0131r\u0131m senaryolar\u0131 ve \u00e7\u00f6z\u00fcmler sunulmas\u0131, yerel ve uluslararas\u0131 \u015firketlerle optimum ortakl\u0131k stratejilerinin \u00f6nerilmesi yer almaktad\u0131r.[\/vc_column_text][vc_empty_space height=&#8221;20px&#8221;][vc_single_image image=&#8221;825&#8243; img_size=&#8221;full&#8221;][vc_column_text]Santral Finansal Dan\u0131\u015fmanl\u0131k \u015eirketi yat\u0131r\u0131mc\u0131lara a\u015fa\u011f\u0131dakiler de dahil olmak \u00fczere geni\u015f bir hizmet yelpazesi sunmaktad\u0131r:<\/p>\n<p>1- <strong>Piyasalar hakk\u0131nda bilgi vermek:<\/strong> Finansal ve ekonomik piyasalar\u0131n do\u011fru analizi ve yat\u0131r\u0131m f\u0131rsatlar\u0131 ve zorluklar\u0131 hakk\u0131nda bilgi vererek yat\u0131r\u0131mc\u0131lar\u0131n do\u011fru kararlar almas\u0131na yard\u0131mc\u0131 olmak.<\/p>\n<p>2- <strong>Yat\u0131r\u0131m dan\u0131\u015fmanl\u0131\u011f\u0131 sa\u011flamak:<\/strong> \u00c7e\u015fitli yat\u0131r\u0131m f\u0131rsatlar\u0131 konusunda tavsiyelerde bulunmak ve yat\u0131r\u0131mlarda \u00e7e\u015fitlili\u011fi korumak ve yat\u0131r\u0131m\u0131n ba\u015far\u0131s\u0131 i\u00e7in finansal strateji geli\u015ftirmek.<\/p>\n<p>3-<strong>Yat\u0131r\u0131mlar\u0131n de\u011ferlendirilmesi:<\/strong> Fizibilite \u00e7al\u0131\u015fmalar\u0131 ve risk de\u011ferlendirmesi yoluyla potansiyel proje ve yat\u0131r\u0131mlar\u0131n kapsaml\u0131 bir \u015fekilde de\u011ferlendirilmesinin sa\u011flanmas\u0131.<\/p>\n<p>4- <strong>\u015eirket kurulumu:<\/strong> \u015eirket kurma prosed\u00fcrleri ve yerel yasa ve d\u00fczenlemelere uyum konular\u0131nda yat\u0131r\u0131mc\u0131lara yard\u0131mc\u0131 olmak.<\/p>\n<p>5-<strong>Projeleri y\u00f6netmek:<\/strong> Projeleri y\u00f6netmek ve projenin uygulanmas\u0131n\u0131 takip etmek ve projenin ilerleyi\u015fi hakk\u0131nda periyodik raporlar sunmak.<\/p>\n<p>6- <strong>Hesaplar\u0131n ve vergilerin y\u00f6netilmesi:<\/strong> Mali mevzuata uyumun sa\u011flanmas\u0131 amac\u0131yla hesap y\u00f6netimi hizmetleri ve vergi dan\u0131\u015fmanl\u0131klar\u0131n\u0131n sa\u011flanmas\u0131.<\/p>\n<p>7- <strong>Varl\u0131klar\u0131n analiz edilmesi:<\/strong> Yat\u0131r\u0131mc\u0131lar\u0131n bilin\u00e7li kararlar almas\u0131na yard\u0131mc\u0131 olmak i\u00e7in varl\u0131klar\u0131n analizinin sa\u011flanmas\u0131.<\/p>\n<p>8- <strong>Hukuki rehberlik sa\u011flanmas\u0131:<\/strong> T\u00fcrkiye&#8217;deki yat\u0131r\u0131mlarla ilgili kanun ve d\u00fczenlemeler konusunda hukuki dan\u0131\u015fmanl\u0131k sa\u011flanmas\u0131.<\/p>\n<p>9- <strong>Gayrimenkul pazarlama hizmetlerinin sa\u011flanmas\u0131:<\/strong> Gayrimenkul yat\u0131r\u0131m f\u0131rsatlar\u0131n\u0131n bulunmas\u0131na yard\u0131mc\u0131 olmak ve m\u00fclklere y\u00f6nelik pazarlama hizmetleri sunmak.<\/p>\n<p>10- <strong>End\u00fcstriyel yat\u0131r\u0131m hizmetlerinin sa\u011flanmas\u0131:<\/strong> Fabrika kurulmas\u0131na yard\u0131mc\u0131 olunmas\u0131, \u00fcretici ve yat\u0131r\u0131mc\u0131lar\u0131n desteklenmesi amac\u0131yla T\u00fcrk h\u00fck\u00fcmeti ve Avrupa Birli\u011fi&#8217;nden te\u015fvik al\u0131nmas\u0131na yard\u0131mc\u0131 olunmas\u0131.<\/p>\n<p>11-<strong>Vergilerin planlanmas\u0131 ve finansal planlama:<\/strong> Yat\u0131r\u0131mc\u0131lara etkin vergi stratejilerinin ve kapsaml\u0131 finansal planlaman\u0131n belirlenmesinde yard\u0131mc\u0131 olunmas\u0131.<\/p>\n<p>12-<strong> Periyodik rapor ve analizlerin sa\u011flanmas\u0131:<\/strong> Yat\u0131r\u0131mlar\u0131n performans\u0131na ili\u015fkin periyodik raporlar ve performans\u0131n iyile\u015ftirilmesine y\u00f6nelik s\u00fcrekli analizlerin sa\u011flanmas\u0131.<\/p>\n<p>Bu hizmetler, yat\u0131r\u0131mc\u0131lar\u0131n T\u00fcrkiye&#8217;deki yat\u0131r\u0131m ortam\u0131n\u0131 anlamalar\u0131na ve bilin\u00e7li yat\u0131r\u0131m kararlar\u0131 vermelerine destek olmak amac\u0131yla verilmektedir.[\/vc_column_text][\/vc_column][\/vc_row][vc_row disable_element=&#8221;yes&#8221; css=&#8221;.vc_custom_1707305494449{padding-top: 10px !important;}&#8221; has_content=&#8221;true&#8221;][vc_column]<h5 class='heading-content  style-1' ><span>Gayrimenkul Yat\u0131r\u0131m\u0131<\/span><\/h5>[vc_column_text]Santral Gayrimenkul, arazi geli\u015ftirmeye y\u00f6nelik gayrimenkul al\u0131m sat\u0131m\u0131 ve gayrimenkul yat\u0131r\u0131m i\u015flemleri yapmakta, gayrimenkul geli\u015ftirme ile ilgili bilgi ve \u00e7al\u0131\u015fmalar sa\u011flamakta, ayr\u0131ca yerel ve uluslararas\u0131 ofislerden dan\u0131\u015fmanl\u0131k hizmetleri, ara\u015ft\u0131rma ve \u00e7al\u0131\u015fmalar sa\u011flamaktad\u0131r. Gayrimenkul, hukuki \u00e7al\u0131\u015fmalar ve yat\u0131r\u0131mla ilgili di\u011fer teknik hizmetlerin de\u011ferlendirilmesi.[\/vc_column_text][vc_empty_space height=&#8221;20px&#8221;][\/vc_column][\/vc_row][vc_row disable_element=&#8221;yes&#8221; css=&#8221;.vc_custom_1707305500806{padding-top: 10px !important;}&#8221; has_content=&#8221;true&#8221;][vc_column width=&#8221;1\/2&#8243;][vc_single_image image=&#8221;826&#8243; img_size=&#8221;full&#8221;][vc_empty_space height=&#8221;10px&#8221;][\/vc_column][vc_column width=&#8221;1\/2&#8243;][vc_empty_space height=&#8221;10px&#8221;]<h5 class='heading-content  style-1' ><span>Gayrimenkul Dan\u0131\u015fmanl\u0131\u011f\u0131<\/span><\/h5>[vc_empty_space height=&#8221;20px&#8221;][vc_column_text]Santral Gayrimenkul Geli\u015ftirme, akredite yerel ve uluslararas\u0131 uzman \u015firketler arac\u0131l\u0131\u011f\u0131yla, i\u015f ortaklar\u0131m\u0131z ve son 30 y\u0131lda kurdu\u011fumuz ili\u015fkiler sayesinde, m\u00fc\u015fterilerine ticari, gayrimenkul veya end\u00fcstriyel projelere y\u00f6nelik kapsaml\u0131 dan\u0131\u015fmanl\u0131k hizmetleri sunmaktad\u0131r. .[\/vc_column_text][\/vc_column][\/vc_row][vc_row][vc_column width=&#8221;1\/2&#8243;][\/vc_column][vc_column width=&#8221;1\/2&#8243;][\/vc_column][\/vc_row]<\/p>\n<\/div>","protected":false},"excerpt":{"rendered":"<p>[vc_row css=&#8221;.vc_custom_1418308873677{padding-top: 10px !important;}&#8221; has_content=&#8221;true&#8221;][vc_column][vc_column_text]Santral Yat\u0131r\u0131m \u015eirketi, Santral International Group \u015firketlerinden biridir.[\/vc_column_text][vc_empty_space height=&#8221;20px&#8221;][vc_column_text]Santral Grup, yerel ve uluslararas\u0131 uzman ofislerden piyasa \u00e7al\u0131\u015fmalar\u0131 ve akredite uluslararas\u0131 ofislerden hukuki \u00e7al\u0131\u015fmalar sa\u011flayarak, m\u00fc\u015fterilerimize gayrimenkul ve end\u00fcstriyel yat\u0131r\u0131m ve f\u0131rsatlar konusunda geni\u015f bir yelpazede dan\u0131\u015fmanl\u0131k&#8230;<\/p>\n","protected":false},"author":1,"featured_media":0,"parent":0,"menu_order":0,"comment_status":"open","ping_status":"open","template":"","meta":{"footnotes":""},"class_list":["post-1285","page","type-page","status-publish","hentry"],"_links":{"self":[{"href":"https:\/\/santral-group.com\/tr\/wp-json\/wp\/v2\/pages\/1285","targetHints":{"allow":["GET"]}}],"collection":[{"href":"https:\/\/santral-group.com\/tr\/wp-json\/wp\/v2\/pages"}],"about":[{"href":"https:\/\/santral-group.com\/tr\/wp-json\/wp\/v2\/types\/page"}],"author":[{"embeddable":true,"href":"https:\/\/santral-group.com\/tr\/wp-json\/wp\/v2\/users\/1"}],"replies":[{"embeddable":true,"href":"https:\/\/santral-group.com\/tr\/wp-json\/wp\/v2\/comments?post=1285"}],"version-history":[{"count":5,"href":"https:\/\/santral-group.com\/tr\/wp-json\/wp\/v2\/pages\/1285\/revisions"}],"predecessor-version":[{"id":1599,"href":"https:\/\/santral-group.com\/tr\/wp-json\/wp\/v2\/pages\/1285\/revisions\/1599"}],"wp:attachment":[{"href":"https:\/\/santral-group.com\/tr\/wp-json\/wp\/v2\/media?parent=1285"}],"curies":[{"name":"wp","href":"https:\/\/api.w.org\/{rel}","templated":true}]}}