{"id":1283,"date":"2014-12-10T07:18:24","date_gmt":"2014-12-10T04:18:24","guid":{"rendered":"https:\/\/santral-group.com\/real-estate\/"},"modified":"2024-02-08T18:44:52","modified_gmt":"2024-02-08T15:44:52","slug":"gayrimenkul-danismanligi","status":"publish","type":"page","link":"https:\/\/santral-group.com\/tr\/gayrimenkul-danismanligi\/","title":{"rendered":"GAYR\u0130MENKUL DANI\u015eMANLI\u011eI"},"content":{"rendered":"<div class=\"wpb-content-wrapper\"><p>[vc_row][vc_column width=&#8221;1\/2&#8243;][vc_single_image image=&#8221;838&#8243; img_size=&#8221;full&#8221;][vc_empty_space height=&#8221;10px&#8221;][\/vc_column][vc_column width=&#8221;1\/2&#8243;][vc_single_image image=&#8221;839&#8243; img_size=&#8221;full&#8221;][vc_empty_space height=&#8221;10px&#8221;][\/vc_column][\/vc_row][vc_row css=&#8221;.vc_custom_1418308873677{padding-top: 10px !important;}&#8221; has_content=&#8221;true&#8221;][vc_column]<h5 class='heading-content  style-1' ><span>Gayrimenkul Dan\u0131\u015fmanl\u0131\u011f\u0131<\/span><\/h5>[vc_column_text]<strong>Santral Gayrimenkul Santral International Group \u015firketlerinden biridir.<\/strong>[\/vc_column_text][vc_empty_space height=&#8221;20px&#8221;][vc_column_text]Ba\u015far\u0131l\u0131 bir yat\u0131r\u0131m deneyimi ya\u015famak ve T\u00fcrkiye&#8217;nin h\u0131zla geli\u015fen ekonomisinden yararlanmak istiyorsan\u0131z ve amac\u0131n\u0131z ister yat\u0131r\u0131m yapmak, ister sadece yat\u0131r\u0131m ve dan\u0131\u015fmanl\u0131k avantajlar\u0131 elde etmek ise, Santral ba\u015far\u0131l\u0131 yat\u0131r\u0131m ihtiya\u00e7lar\u0131n\u0131z\u0131 ve isteklerinizi kar\u015f\u0131lamada orta\u011f\u0131n\u0131zd\u0131r.<\/p>\n<p>Santral Yat\u0131r\u0131m \u015eirketi, Santral International Grup \u015firketlerinden biri olarak kurulmu\u015f olup, \u0130stanbul&#8217;da faaliyet g\u00f6stermektedir. Santral olarak size y\u00fcksek gelir garantisi verecek benzersiz yat\u0131r\u0131m f\u0131rsatlar\u0131 bulman\u0131n \u00f6nemine inan\u0131yoruz.<\/p>\n<p>En iyi f\u0131rsat se\u00e7iminden, \u00f6n ve detayl\u0131 saha \u00e7al\u0131\u015fmalar\u0131na, pazar ve rekabet ara\u015ft\u0131rmalar\u0131na, risk ve ekonomik s\u00fcrd\u00fcr\u00fclebilirli\u011fin yan\u0131 s\u0131ra T\u00fcrk h\u00fck\u00fcmeti ve Avrupa Birli\u011fi taraf\u0131ndan sa\u011flanan yat\u0131r\u0131m te\u015fviklerine kadar t\u00fcm yat\u0131r\u0131m ad\u0131mlar\u0131n\u0131 size sunaca\u011f\u0131z. Yat\u0131r\u0131m\u0131n\u0131z\u0131 daha g\u00fcvenli hale getirmek ve en iyi kar\u0131 elde etmenize yard\u0131mc\u0131 olmak i\u00e7in hukuk ve finans ofislerimiz arac\u0131l\u0131\u011f\u0131yla finansman \u00e7\u00f6z\u00fcmleri ve yat\u0131r\u0131m stratejisi sa\u011flaman\u0131n yan\u0131 s\u0131ra.<\/p>\n<p>Santral Yat\u0131r\u0131m&#8217;\u0131n en \u00f6nemli \u00f6zelli\u011fi, bize t\u00fcm bu e\u015fsiz f\u0131rsatlar\u0131 getiren, her d\u00fczeydeki se\u00e7kin ili\u015fkiler \u00fczerine kurulu, yat\u0131r\u0131m alan\u0131ndaki b\u00fcy\u00fck deneyimi ve bu alanda 30 y\u0131l\u0131 a\u015fan tecr\u00fcbemizdir.<\/p>\n<p>Santral, yerel ve uluslararas\u0131 b\u00fcy\u00fck \u015firketler ve i\u015fadamlar\u0131 ile geni\u015f bir ili\u015fki a\u011f\u0131 kurarak, onlarla i\u015fbirli\u011fi yaparak gelecek vaat eden ve de\u011ferli f\u0131rsatlar yaratmay\u0131 ve yat\u0131r\u0131mc\u0131ya en karl\u0131 geliri sa\u011flamak i\u00e7in hayati yat\u0131r\u0131mlara odaklanmay\u0131 ba\u015farm\u0131\u015ft\u0131r.[\/vc_column_text][\/vc_column][\/vc_row]<\/p>\n<\/div>","protected":false},"excerpt":{"rendered":"<p>[vc_row][vc_column width=&#8221;1\/2&#8243;][vc_single_image image=&#8221;838&#8243; img_size=&#8221;full&#8221;][vc_empty_space height=&#8221;10px&#8221;][\/vc_column][vc_column width=&#8221;1\/2&#8243;][vc_single_image image=&#8221;839&#8243; img_size=&#8221;full&#8221;][vc_empty_space height=&#8221;10px&#8221;][\/vc_column][\/vc_row][vc_row css=&#8221;.vc_custom_1418308873677{padding-top: 10px !important;}&#8221; has_content=&#8221;true&#8221;][vc_column][vc_column_text]Santral Gayrimenkul Santral International Group \u015firketlerinden biridir.[\/vc_column_text][vc_empty_space height=&#8221;20px&#8221;][vc_column_text]Ba\u015far\u0131l\u0131 bir yat\u0131r\u0131m deneyimi ya\u015famak ve T\u00fcrkiye&#8217;nin h\u0131zla geli\u015fen ekonomisinden yararlanmak istiyorsan\u0131z ve amac\u0131n\u0131z ister yat\u0131r\u0131m yapmak, ister sadece yat\u0131r\u0131m ve&#8230;<\/p>\n","protected":false},"author":1,"featured_media":0,"parent":0,"menu_order":0,"comment_status":"open","ping_status":"open","template":"","meta":{"footnotes":""},"class_list":["post-1283","page","type-page","status-publish","hentry"],"_links":{"self":[{"href":"https:\/\/santral-group.com\/tr\/wp-json\/wp\/v2\/pages\/1283","targetHints":{"allow":["GET"]}}],"collection":[{"href":"https:\/\/santral-group.com\/tr\/wp-json\/wp\/v2\/pages"}],"about":[{"href":"https:\/\/santral-group.com\/tr\/wp-json\/wp\/v2\/types\/page"}],"author":[{"embeddable":true,"href":"https:\/\/santral-group.com\/tr\/wp-json\/wp\/v2\/users\/1"}],"replies":[{"embeddable":true,"href":"https:\/\/santral-group.com\/tr\/wp-json\/wp\/v2\/comments?post=1283"}],"version-history":[{"count":4,"href":"https:\/\/santral-group.com\/tr\/wp-json\/wp\/v2\/pages\/1283\/revisions"}],"predecessor-version":[{"id":1602,"href":"https:\/\/santral-group.com\/tr\/wp-json\/wp\/v2\/pages\/1283\/revisions\/1602"}],"wp:attachment":[{"href":"https:\/\/santral-group.com\/tr\/wp-json\/wp\/v2\/media?parent=1283"}],"curies":[{"name":"wp","href":"https:\/\/api.w.org\/{rel}","templated":true}]}}