{"id":1281,"date":"2024-01-23T20:18:06","date_gmt":"2024-01-23T17:18:06","guid":{"rendered":"https:\/\/santral-group.com\/construction\/"},"modified":"2024-03-18T09:13:52","modified_gmt":"2024-03-18T06:13:52","slug":"insaat-danismanligi","status":"publish","type":"page","link":"https:\/\/santral-group.com\/tr\/insaat-danismanligi\/","title":{"rendered":"\u0130N\u015eAAT DANI\u015eMANLI\u011eI"},"content":{"rendered":"<div class=\"wpb-content-wrapper\"><p>[vc_row][vc_column width=&#8221;1\/2&#8243;][vc_single_image image=&#8221;843&#8243; img_size=&#8221;full&#8221;][vc_empty_space height=&#8221;10px&#8221;][\/vc_column][vc_column width=&#8221;1\/2&#8243;][vc_single_image image=&#8221;844&#8243; img_size=&#8221;full&#8221;][vc_empty_space height=&#8221;10px&#8221;][\/vc_column][\/vc_row][vc_row css=&#8221;.vc_custom_1418308873677{padding-top: 10px !important;}&#8221; has_content=&#8221;true&#8221;][vc_column]<h5 class='heading-content  style-1' ><span>\u0130n\u015faat Dan\u0131\u015fmanl\u0131\u011f\u0131<\/span><\/h5>[vc_column_text]<strong>Santral \u0130n\u015faat Santral International Group \u015firketlerinden biridir.<\/strong>[\/vc_column_text][vc_empty_space height=&#8221;20px&#8221;][vc_column_text]Central Construction Company, 1995 y\u0131l\u0131nda T\u00fcrkiye ve K\u00f6rfez \u00fclkelerinde gayrimenkul projeleri alan\u0131nda \u00e7al\u0131\u015fmaya ba\u015flam\u0131\u015f olup, her zaman Arap pazar\u0131n\u0131n in\u015faat malzemeleri, in\u015faat ve altyap\u0131 projeleri ihtiya\u00e7lar\u0131n\u0131 kar\u015f\u0131lam\u0131\u015ft\u0131r.<\/p>\n<p>Central ayr\u0131ca, Arap d\u00fcnyas\u0131nda in\u015faat sekt\u00f6r\u00fcn\u00fc profesyonel bir yola g\u00f6re geli\u015ftirmeye ve T\u00fcrkiye ve Arap d\u00fcnyas\u0131nda gayrimenkul projeleri uygulamak ve altyap\u0131 olu\u015fturmak i\u00e7in en iyi T\u00fcrk \u015firketleriyle ortakl\u0131k kurmaya dayal\u0131 kapsaml\u0131 bir i\u015f vizyonuna sahiptir.<\/p>\n<p>Faaliyet alan\u0131m\u0131z sadece bu alanla s\u0131n\u0131rl\u0131 olmay\u0131p demir, mermer, seramik, elektrikli ev aletleri, asans\u00f6r gibi temel ekipman ve malzemeler dahil olmak \u00fczere yap\u0131 malzemeleri ve yap\u0131 malzemeleri ticareti alan\u0131n\u0131 da kapsamaktad\u0131r.[\/vc_column_text][\/vc_column][\/vc_row]<\/p>\n<\/div>","protected":false},"excerpt":{"rendered":"<p>[vc_row][vc_column width=&#8221;1\/2&#8243;][vc_single_image image=&#8221;843&#8243; img_size=&#8221;full&#8221;][vc_empty_space height=&#8221;10px&#8221;][\/vc_column][vc_column width=&#8221;1\/2&#8243;][vc_single_image image=&#8221;844&#8243; img_size=&#8221;full&#8221;][vc_empty_space height=&#8221;10px&#8221;][\/vc_column][\/vc_row][vc_row css=&#8221;.vc_custom_1418308873677{padding-top: 10px !important;}&#8221; has_content=&#8221;true&#8221;][vc_column][vc_column_text]Santral \u0130n\u015faat Santral International Group \u015firketlerinden biridir.[\/vc_column_text][vc_empty_space height=&#8221;20px&#8221;][vc_column_text]Central Construction Company, 1995 y\u0131l\u0131nda T\u00fcrkiye ve K\u00f6rfez \u00fclkelerinde gayrimenkul projeleri alan\u0131nda \u00e7al\u0131\u015fmaya ba\u015flam\u0131\u015f olup, her zaman Arap pazar\u0131n\u0131n in\u015faat malzemeleri,&#8230;<\/p>\n","protected":false},"author":1,"featured_media":0,"parent":0,"menu_order":0,"comment_status":"closed","ping_status":"closed","template":"","meta":{"footnotes":""},"class_list":["post-1281","page","type-page","status-publish","hentry"],"_links":{"self":[{"href":"https:\/\/santral-group.com\/tr\/wp-json\/wp\/v2\/pages\/1281","targetHints":{"allow":["GET"]}}],"collection":[{"href":"https:\/\/santral-group.com\/tr\/wp-json\/wp\/v2\/pages"}],"about":[{"href":"https:\/\/santral-group.com\/tr\/wp-json\/wp\/v2\/types\/page"}],"author":[{"embeddable":true,"href":"https:\/\/santral-group.com\/tr\/wp-json\/wp\/v2\/users\/1"}],"replies":[{"embeddable":true,"href":"https:\/\/santral-group.com\/tr\/wp-json\/wp\/v2\/comments?post=1281"}],"version-history":[{"count":5,"href":"https:\/\/santral-group.com\/tr\/wp-json\/wp\/v2\/pages\/1281\/revisions"}],"predecessor-version":[{"id":1653,"href":"https:\/\/santral-group.com\/tr\/wp-json\/wp\/v2\/pages\/1281\/revisions\/1653"}],"wp:attachment":[{"href":"https:\/\/santral-group.com\/tr\/wp-json\/wp\/v2\/media?parent=1281"}],"curies":[{"name":"wp","href":"https:\/\/api.w.org\/{rel}","templated":true}]}}