{"id":1279,"date":"2024-01-23T20:40:56","date_gmt":"2024-01-23T17:40:56","guid":{"rendered":"https:\/\/santral-group.com\/international-trade\/"},"modified":"2024-02-08T18:42:45","modified_gmt":"2024-02-08T15:42:45","slug":"uluslararasi-ticaret-danismanligi","status":"publish","type":"page","link":"https:\/\/santral-group.com\/tr\/uluslararasi-ticaret-danismanligi\/","title":{"rendered":"ULUSLARARASI T\u0130CARET DANI\u015eMANLI\u011eI"},"content":{"rendered":"<div class=\"wpb-content-wrapper\"><p>[vc_row][vc_column width=&#8221;1\/2&#8243;][vc_single_image image=&#8221;850&#8243; img_size=&#8221;full&#8221;][vc_empty_space height=&#8221;10px&#8221;][\/vc_column][vc_column width=&#8221;1\/2&#8243;][vc_single_image image=&#8221;851&#8243; img_size=&#8221;full&#8221;][vc_empty_space height=&#8221;10px&#8221;][\/vc_column][\/vc_row][vc_row css=&#8221;.vc_custom_1418308873677{padding-top: 10px !important;}&#8221; has_content=&#8221;true&#8221;][vc_column]<h5 class='heading-content  style-1' ><span>Uluslararas\u0131 Ticaret Dan\u0131\u015fmanl\u0131\u011f\u0131<\/span><\/h5>[vc_column_text]<strong>Santral Uluslararas\u0131 Ticaret \u015eirketi, Santral International Group \u015firketlerinden biridir.<\/strong>[\/vc_column_text][vc_empty_space height=&#8221;20px&#8221;][vc_column_text]Santral Uluslararas\u0131 Ticaret, Santral Uluslararas\u0131 Grup \u015firketlerinden biridir. Santral Uluslararas\u0131 Ticaret otuz y\u0131l \u00f6nce T\u00fcrkiye&#8217;de kurulmu\u015f olup, haz\u0131r giyim, in\u015faat malzemeleri ve mobilya alan\u0131nda Arap \u00fclkeleri ve d\u00fcnya ile i\u015f yapmaktad\u0131r.<\/p>\n<p>\u015eirketimiz, uluslararas\u0131 ticarette 30 y\u0131l\u0131 a\u015fan tecr\u00fcbemiz ile i\u015f adamlar\u0131na en y\u00fcksek standartlarda tecr\u00fcbe ve kaliteyle hizmet sunmaktad\u0131r.[\/vc_column_text][\/vc_column][\/vc_row]<\/p>\n<\/div>","protected":false},"excerpt":{"rendered":"<p>[vc_row][vc_column width=&#8221;1\/2&#8243;][vc_single_image image=&#8221;850&#8243; img_size=&#8221;full&#8221;][vc_empty_space height=&#8221;10px&#8221;][\/vc_column][vc_column width=&#8221;1\/2&#8243;][vc_single_image image=&#8221;851&#8243; img_size=&#8221;full&#8221;][vc_empty_space height=&#8221;10px&#8221;][\/vc_column][\/vc_row][vc_row css=&#8221;.vc_custom_1418308873677{padding-top: 10px !important;}&#8221; has_content=&#8221;true&#8221;][vc_column][vc_column_text]Santral Uluslararas\u0131 Ticaret \u015eirketi, Santral International Group \u015firketlerinden biridir.[\/vc_column_text][vc_empty_space height=&#8221;20px&#8221;][vc_column_text]Santral Uluslararas\u0131 Ticaret, Santral Uluslararas\u0131 Grup \u015firketlerinden biridir. Santral Uluslararas\u0131 Ticaret otuz y\u0131l \u00f6nce T\u00fcrkiye&#8217;de kurulmu\u015f olup, haz\u0131r giyim,&#8230;<\/p>\n","protected":false},"author":1,"featured_media":0,"parent":0,"menu_order":0,"comment_status":"closed","ping_status":"closed","template":"","meta":{"footnotes":""},"class_list":["post-1279","page","type-page","status-publish","hentry"],"_links":{"self":[{"href":"https:\/\/santral-group.com\/tr\/wp-json\/wp\/v2\/pages\/1279","targetHints":{"allow":["GET"]}}],"collection":[{"href":"https:\/\/santral-group.com\/tr\/wp-json\/wp\/v2\/pages"}],"about":[{"href":"https:\/\/santral-group.com\/tr\/wp-json\/wp\/v2\/types\/page"}],"author":[{"embeddable":true,"href":"https:\/\/santral-group.com\/tr\/wp-json\/wp\/v2\/users\/1"}],"replies":[{"embeddable":true,"href":"https:\/\/santral-group.com\/tr\/wp-json\/wp\/v2\/comments?post=1279"}],"version-history":[{"count":3,"href":"https:\/\/santral-group.com\/tr\/wp-json\/wp\/v2\/pages\/1279\/revisions"}],"predecessor-version":[{"id":1598,"href":"https:\/\/santral-group.com\/tr\/wp-json\/wp\/v2\/pages\/1279\/revisions\/1598"}],"wp:attachment":[{"href":"https:\/\/santral-group.com\/tr\/wp-json\/wp\/v2\/media?parent=1279"}],"curies":[{"name":"wp","href":"https:\/\/api.w.org\/{rel}","templated":true}]}}