{"id":1277,"date":"2024-01-23T21:03:13","date_gmt":"2024-01-23T18:03:13","guid":{"rendered":"https:\/\/santral-group.com\/media\/"},"modified":"2024-02-08T18:45:16","modified_gmt":"2024-02-08T15:45:16","slug":"medya-danismanligi","status":"publish","type":"page","link":"https:\/\/santral-group.com\/tr\/medya-danismanligi\/","title":{"rendered":"MEDYA DANI\u015eMANLI\u011eI"},"content":{"rendered":"<div class=\"wpb-content-wrapper\"><p>[vc_row][vc_column width=&#8221;1\/2&#8243;][vc_single_image image=&#8221;856&#8243; img_size=&#8221;full&#8221;][vc_empty_space height=&#8221;10px&#8221;][\/vc_column][vc_column width=&#8221;1\/2&#8243;][vc_single_image image=&#8221;857&#8243; img_size=&#8221;full&#8221;][vc_empty_space height=&#8221;10px&#8221;][\/vc_column][\/vc_row][vc_row css=&#8221;.vc_custom_1418308873677{padding-top: 10px !important;}&#8221; has_content=&#8221;true&#8221;][vc_column]<h5 class='heading-content  style-1' ><span>Medya Dan\u0131\u015fmanl\u0131\u011f\u0131<\/span><\/h5>[vc_column_text]<strong>TR Medya Santral International Group \u015firketlerinden biridir.<\/strong>[\/vc_column_text][vc_empty_space height=&#8221;20px&#8221;][vc_column_text]TR Medya, Santral Uluslararas\u0131 Grup \u015firketlerinden biridir.<\/p>\n<p>Santral Grup, 2014 y\u0131l\u0131nda T\u00fcrkiye&#8217;de \u0130stanbul&#8217;da faaliyet g\u00f6steren TR \u015firketini kurdu. T\u00fcrkiye&#8217;de faaliyet g\u00f6steren en b\u00fcy\u00fck Arap medya ajanslar\u0131ndan birine ve ba\u011f\u0131ms\u0131z, T\u00fcrk i\u015fleri ve Arap-T\u00fcrk ili\u015fkileri konusunda uzmanla\u015fm\u0131\u015f, T\u00fcrk\u00e7e ve Arap\u00e7a konu\u015fulan bir haber sitesine sahiptir. T\u00fcrk meselesine ili\u015fkin haber, olay, analitik makale ve ara\u015ft\u0131rmalar\u0131n yan\u0131 s\u0131ra \u00e7al\u0131\u015fmalar\u0131 da takip ederek Arap d\u00fcnyas\u0131na do\u011fru ve objektif olarak yay\u0131nlamaktad\u0131r.<\/p>\n<p>\u015eirkette siyasi, ekonomik, turizm, spor, k\u00fclt\u00fcr ve e\u011flence haberleri dahil olmak \u00fczere T\u00fcrkiye&#8217;nin g\u00fcnl\u00fck olaylar\u0131 ve Arap-T\u00fcrk ili\u015fkilerine ili\u015fkin t\u00fcm haberler yer almaktad\u0131r.<\/p>\n<p>Santral International Group&#8217;a ba\u011fl\u0131 TR \u015eirketi, i\u015f adamlar\u0131na hizmet vermekte, i\u015f f\u0131rsatlar\u0131n\u0131n ve T\u00fcrk kanunlar\u0131n\u0131n tan\u0131t\u0131m\u0131n\u0131 yapmakta, ticaret, yat\u0131r\u0131m, ikamet ve vatanda\u015fl\u0131k kanunlar\u0131 ile Arap vatanda\u015flar\u0131n\u0131 ilgilendiren t\u00fcm konularda T\u00fcrkiye ile ilgili t\u00fcm hizmetleri sunmaktad\u0131r. Ayr\u0131ca T\u00fcrk siyaset\u00e7ilerine, gazetecilerine ve uzmanlar\u0131na T\u00fcrkiye konusunda bilgi ve hizmet sa\u011fl\u0131yoruz.<\/p>\n<p>Ayr\u0131ca T\u00fcrk \u00fcniversiteleri ve Y\u00fcksek \u00d6\u011fretim Kurulu d\u00fczenlemeleri, devlet ve \u00f6zel burslar gibi T\u00fcrkiye&#8217;deki Arap \u00f6\u011frencilerini ilgilendiren her \u015fey hakk\u0131nda bilgi i\u00e7in \u00f6zel bir b\u00f6l\u00fcm ay\u0131rd\u0131k ve en \u00f6nemlilerini tan\u0131tmak i\u00e7in bir b\u00f6l\u00fcm ay\u0131rd\u0131k. T\u00fcrkiye&#8217;de turistik ve tarihi alanlar ile sa\u011fl\u0131k turizmi.<\/p>\n<p>Yat\u0131r\u0131m, ekonomi, teknik ve bilimsel alandaki T\u00fcrk tecr\u00fcbesini, bu tecr\u00fcbelerden faydalanmak \u00fczere Arap d\u00fcnyas\u0131na aktarmak konusunda net bir vizyonumuz var. Bu hedefe ula\u015fmak i\u00e7in teknolojiyi kullanmaya ve uyarlamaya \u00f6zel \u00f6nem vererek, T\u00fcrkiye ve Arap d\u00fcnyas\u0131ndaki t\u00fcm farkl\u0131 alanlara y\u00f6nelik pazarlamada ileri ve \u00f6nc\u00fc bir konsept in\u015fa etmeyi ama\u00e7l\u0131yoruz.[\/vc_column_text][\/vc_column][\/vc_row]<\/p>\n<\/div>","protected":false},"excerpt":{"rendered":"<p>[vc_row][vc_column width=&#8221;1\/2&#8243;][vc_single_image image=&#8221;856&#8243; img_size=&#8221;full&#8221;][vc_empty_space height=&#8221;10px&#8221;][\/vc_column][vc_column width=&#8221;1\/2&#8243;][vc_single_image image=&#8221;857&#8243; img_size=&#8221;full&#8221;][vc_empty_space height=&#8221;10px&#8221;][\/vc_column][\/vc_row][vc_row css=&#8221;.vc_custom_1418308873677{padding-top: 10px !important;}&#8221; has_content=&#8221;true&#8221;][vc_column][vc_column_text]TR Medya Santral International Group \u015firketlerinden biridir.[\/vc_column_text][vc_empty_space height=&#8221;20px&#8221;][vc_column_text]TR Medya, Santral Uluslararas\u0131 Grup \u015firketlerinden biridir. Santral Grup, 2014 y\u0131l\u0131nda T\u00fcrkiye&#8217;de \u0130stanbul&#8217;da faaliyet g\u00f6steren TR \u015firketini kurdu. T\u00fcrkiye&#8217;de faaliyet g\u00f6steren&#8230;<\/p>\n","protected":false},"author":1,"featured_media":0,"parent":0,"menu_order":0,"comment_status":"closed","ping_status":"closed","template":"","meta":{"footnotes":""},"class_list":["post-1277","page","type-page","status-publish","hentry"],"_links":{"self":[{"href":"https:\/\/santral-group.com\/tr\/wp-json\/wp\/v2\/pages\/1277","targetHints":{"allow":["GET"]}}],"collection":[{"href":"https:\/\/santral-group.com\/tr\/wp-json\/wp\/v2\/pages"}],"about":[{"href":"https:\/\/santral-group.com\/tr\/wp-json\/wp\/v2\/types\/page"}],"author":[{"embeddable":true,"href":"https:\/\/santral-group.com\/tr\/wp-json\/wp\/v2\/users\/1"}],"replies":[{"embeddable":true,"href":"https:\/\/santral-group.com\/tr\/wp-json\/wp\/v2\/comments?post=1277"}],"version-history":[{"count":4,"href":"https:\/\/santral-group.com\/tr\/wp-json\/wp\/v2\/pages\/1277\/revisions"}],"predecessor-version":[{"id":1600,"href":"https:\/\/santral-group.com\/tr\/wp-json\/wp\/v2\/pages\/1277\/revisions\/1600"}],"wp:attachment":[{"href":"https:\/\/santral-group.com\/tr\/wp-json\/wp\/v2\/media?parent=1277"}],"curies":[{"name":"wp","href":"https:\/\/api.w.org\/{rel}","templated":true}]}}