{"id":1286,"date":"2014-11-11T11:14:30","date_gmt":"2014-11-11T08:14:30","guid":{"rendered":"https:\/\/santral-group.com\/contact-us\/"},"modified":"2024-02-08T19:10:50","modified_gmt":"2024-02-08T16:10:50","slug":"%d8%a7%d8%aa%d8%b5%d9%84-%d8%a8%d9%86%d8%a7","status":"publish","type":"page","link":"https:\/\/santral-group.com\/ar\/%d8%a7%d8%aa%d8%b5%d9%84-%d8%a8%d9%86%d8%a7\/","title":{"rendered":"\u0627\u062a\u0635\u0644 \u0628\u0646\u0627"},"content":{"rendered":"<div class=\"wpb-content-wrapper\"><p>[vc_row][vc_column width=&#8221;1\/3&#8243;][vc_empty_space height=&#8221;15px&#8221;]<h4 class='heading-left  style-1' ><span>\u0627\u062a\u0635\u0644 \u0628\u0646\u0627<\/span><\/h4>[vc_empty_space height=&#8221;15px&#8221;][vc_column_text]<\/p>\n<p style=\"direction: ltr !important; text-align: right;\">SANTRAL Pazarlama Di\u015f Tic. ve \u0130n\u015faat San. LTD. \u015eT\u0130.<br \/>\n\u015eair Nigar Sok. No. 72\/ 3 \u2013 4 Osmanbey 34363 \u015ei\u015fli<br \/>\n\u0130stanbul \u2013 T\u00fcrkiye<\/p>\n<p style=\"text-align: right;\">\u0631\u0642\u0645 \u0627\u0644\u0647\u0627\u062a\u0641:<\/p>\n<p style=\"text-align: right; direction: ltr;\"><a href=\"tel:+902122340777\">+90 212 234 07 77<\/a><\/p>\n<p style=\"text-align: right;\">\u062a\u0648\u0627\u0635\u0644 \u0639\u0628\u0631 \u0627\u0644\u0648\u0627\u062a\u0633 \u0623\u0628:<\/p>\n<p style=\"text-align: right; direction: ltr;\"><a href=\"https:\/\/wa.me\/905333198888\">+90 533 319 88 88<\/a><\/p>\n<p style=\"text-align: right;\">\u0641\u0627\u0643\u0633:<\/p>\n<p style=\"text-align: right; direction: ltr;\">+90 212 232 36 75<\/p>\n<p style=\"text-align: right;\">\u0627\u0644\u0628\u0631\u064a\u062f \u0627\u0644\u0627\u0644\u0643\u062a\u0631\u0648\u0646\u064a:<\/p>\n<p style=\"text-align: right; direction: ltr;\">info@santral-group.com<\/p>\n<p>[\/vc_column_text][\/vc_column][vc_column width=&#8221;2\/3&#8243;][vc_empty_space height=&#8221;15px&#8221;]<h4 class='heading-left  style-1' ><span>\u0623\u0631\u0633\u0644 \u0644\u0646\u0627 \u0631\u0633\u0627\u0644\u0629<\/span><\/h4>[vc_empty_space height=&#8221;15px&#8221;]<div class=\"wpforms-container wpforms-container-full wpforms-render-modern\" id=\"wpforms-1498\"><form id=\"wpforms-form-1498\" class=\"wpforms-validate wpforms-form wpforms-ajax-form\" data-formid=\"1498\" method=\"post\" enctype=\"multipart\/form-data\" action=\"\/ar\/wp-json\/wp\/v2\/pages\/1286\" data-token=\"1853b96e777db9a53bc4f585445e5c8d\"><noscript class=\"wpforms-error-noscript\">Please enable JavaScript in your browser to complete this form.<\/noscript><div class=\"wpforms-hidden\" id=\"wpforms-error-noscript\">Please enable JavaScript in your browser to complete this form.<\/div><div class=\"wpforms-field-container\"><div id=\"wpforms-1498-field_1-container\" class=\"wpforms-field wpforms-field-layout\" data-field-id=\"1\"><label class=\"wpforms-field-label wpforms-label-hide\" for=\"wpforms-1498-field_1\" aria-hidden=\"false\">Layout<\/label><div class=\"wpforms-field-layout-columns wpforms-field-layout-preset-50-50\"><div class=\"wpforms-layout-column wpforms-layout-column-50\"><div id=\"wpforms-1498-field_2-container\" class=\"wpforms-field wpforms-field-name\" data-field-id=\"2\"><label class=\"wpforms-field-label\" for=\"wpforms-1498-field_2\">\u0627\u0644\u0627\u0633\u0645 \u0648\u0627\u0644\u0644\u0642\u0628  <span class=\"wpforms-required-label\" aria-hidden=\"true\">*<\/span><\/label><input type=\"text\" id=\"wpforms-1498-field_2\" class=\"wpforms-field-medium wpforms-field-required\" name=\"wpforms[fields][2]\" aria-errormessage=\"wpforms-1498-field_2-error\" required><\/div><div id=\"wpforms-1498-field_4-container\" class=\"wpforms-field wpforms-field-phone\" data-field-id=\"4\"><label class=\"wpforms-field-label\" for=\"wpforms-1498-field_4\">\u0631\u0642\u0645 \u0627\u0644\u0647\u0627\u062a\u0641 <\/label><input type=\"tel\" id=\"wpforms-1498-field_4\" class=\"wpforms-field-medium wpforms-smart-phone-field\" data-rule-smart-phone-field=\"true\" name=\"wpforms[fields][4]\" aria-errormessage=\"wpforms-1498-field_4-error\" ><\/div><\/div><div class=\"wpforms-layout-column wpforms-layout-column-50\"><div id=\"wpforms-1498-field_3-container\" class=\"wpforms-field wpforms-field-email\" data-field-id=\"3\"><label class=\"wpforms-field-label\" for=\"wpforms-1498-field_3\">\u0627\u0644\u0628\u0631\u064a\u062f \u0627\u0644\u0627\u0644\u0643\u062a\u0631\u0648\u0646\u064a <span class=\"wpforms-required-label\" aria-hidden=\"true\">*<\/span><\/label><input type=\"email\" id=\"wpforms-1498-field_3\" class=\"wpforms-field-medium wpforms-field-required\" name=\"wpforms[fields][3]\" spellcheck=\"false\" aria-errormessage=\"wpforms-1498-field_3-error\" required><\/div><div id=\"wpforms-1498-field_5-container\" class=\"wpforms-field wpforms-field-text\" data-field-id=\"5\"><label class=\"wpforms-field-label\" for=\"wpforms-1498-field_5\">\u0645\u0648\u0636\u0648\u0639<\/label><input type=\"text\" id=\"wpforms-1498-field_5\" class=\"wpforms-field-medium\" name=\"wpforms[fields][5]\" aria-errormessage=\"wpforms-1498-field_5-error\" ><\/div><\/div><\/div><\/div><div id=\"wpforms-1498-field_6-container\" class=\"wpforms-field wpforms-field-textarea\" data-field-id=\"6\"><label class=\"wpforms-field-label\" for=\"wpforms-1498-field_6\">\u0631\u0633\u0627\u0644\u0629<\/label><textarea id=\"wpforms-1498-field_6\" class=\"wpforms-field-medium\" name=\"wpforms[fields][6]\" aria-errormessage=\"wpforms-1498-field_6-error\" ><\/textarea><\/div><\/div><!-- .wpforms-field-container --><div class=\"wpforms-submit-container\" ><input type=\"hidden\" name=\"wpforms[id]\" value=\"1498\"><input type=\"hidden\" name=\"wpforms[author]\" value=\"1\"><button type=\"submit\" name=\"wpforms[submit]\" id=\"wpforms-submit-1498\" class=\"wpforms-submit\" data-alt-text=\"Sending...\" data-submit-text=\"\u0627\u0631\u0633\u0627\u0644\" aria-live=\"assertive\" value=\"wpforms-submit\">\u0627\u0631\u0633\u0627\u0644<\/button><img loading=\"lazy\" decoding=\"async\" src=\"https:\/\/santral-group.com\/wp-content\/plugins\/wpforms\/assets\/images\/submit-spin.svg\" class=\"wpforms-submit-spinner\" style=\"display: none;\" width=\"26\" height=\"26\" alt=\"Loading\"><\/div><\/form><\/div>  <!-- .wpforms-container -->[\/vc_column][\/vc_row][vc_row has_content=&#8221;false&#8221; css=&#8221;.vc_custom_1706038734151{margin-bottom: 60px !important;}&#8221;][vc_column][vc_empty_space height=&#8221;15px&#8221;][vc_raw_html]JTNDaWZyYW1lJTIwc3JjJTNEJTIyaHR0cHMlM0ElMkYlMkZ3d3cuZ29vZ2xlLmNvbSUyRm1hcHMlMkZlbWJlZCUzRnBiJTNEJTIxMW0xOCUyMTFtMTIlMjExbTMlMjExZDI0My44NjE1NDQ5MjM2NTQ1OCUyMTJkMjguOTg4NzEzMTUyMzY3OTkzJTIxM2Q0MS4wNTM5Njc4NjQ0NjI1NSUyMTJtMyUyMTFmMCUyMTJmMCUyMTNmMCUyMTNtMiUyMTFpMTAyNCUyMTJpNzY4JTIxNGYxMy4xJTIxM20zJTIxMW0yJTIxMXMweDE0Y2FiNzBlMmY0MGQ3N2QlMjUzQTB4YjEwODk4MTkwZmUwMDg4YiUyMTJ6MllYWXJObUYyWWpZdWRpcElOaXoyWWJZcXRpeDJLZlpoQ0RZcDltRTJLX1ppTm1FMllyWXFTQlRRVTVVVWtGTUlFZFNUMVZRJTIxNWUwJTIxM20yJTIxMXN0ciUyMTJzdHIlMjE0djE3MDYwMzg0NDg4NjAlMjE1bTIlMjExc3RyJTIxMnN0ciUyMiUyMHdpZHRoJTNEJTIyMTAwJTI1JTIyJTIwaGVpZ2h0JTNEJTIyNTUwJTIyJTIwc3R5bGUlM0QlMjJib3JkZXIlM0EwJTNCJTIyJTIwYWxsb3dmdWxsc2NyZWVuJTNEJTIyJTIyJTIwbG9hZGluZyUzRCUyMmxhenklMjIlMjByZWZlcnJlcnBvbGljeSUzRCUyMm5vLXJlZmVycmVyLXdoZW4tZG93bmdyYWRlJTIyJTNFJTNDJTJGaWZyYW1lJTNF[\/vc_raw_html][\/vc_column][\/vc_row]<\/p>\n<\/div>","protected":false},"excerpt":{"rendered":"<p>[vc_row][vc_column width=&#8221;1\/3&#8243;][vc_empty_space height=&#8221;15px&#8221;][vc_empty_space height=&#8221;15px&#8221;][vc_column_text] SANTRAL Pazarlama Di\u015f Tic. ve \u0130n\u015faat San. LTD. \u015eT\u0130. \u015eair Nigar Sok. No. 72\/ 3 \u2013 4 Osmanbey 34363 \u015ei\u015fli \u0130stanbul \u2013 T\u00fcrkiye \u0631\u0642\u0645 \u0627\u0644\u0647\u0627\u062a\u0641: +90 212 234 07 77 \u062a\u0648\u0627\u0635\u0644 \u0639\u0628\u0631 \u0627\u0644\u0648\u0627\u062a\u0633 \u0623\u0628: +90 533&#8230;<\/p>\n","protected":false},"author":1,"featured_media":0,"parent":0,"menu_order":0,"comment_status":"open","ping_status":"open","template":"","meta":{"footnotes":""},"class_list":["post-1286","page","type-page","status-publish","hentry"],"_links":{"self":[{"href":"https:\/\/santral-group.com\/ar\/wp-json\/wp\/v2\/pages\/1286","targetHints":{"allow":["GET"]}}],"collection":[{"href":"https:\/\/santral-group.com\/ar\/wp-json\/wp\/v2\/pages"}],"about":[{"href":"https:\/\/santral-group.com\/ar\/wp-json\/wp\/v2\/types\/page"}],"author":[{"embeddable":true,"href":"https:\/\/santral-group.com\/ar\/wp-json\/wp\/v2\/users\/1"}],"replies":[{"embeddable":true,"href":"https:\/\/santral-group.com\/ar\/wp-json\/wp\/v2\/comments?post=1286"}],"version-history":[{"count":17,"href":"https:\/\/santral-group.com\/ar\/wp-json\/wp\/v2\/pages\/1286\/revisions"}],"predecessor-version":[{"id":1615,"href":"https:\/\/santral-group.com\/ar\/wp-json\/wp\/v2\/pages\/1286\/revisions\/1615"}],"wp:attachment":[{"href":"https:\/\/santral-group.com\/ar\/wp-json\/wp\/v2\/media?parent=1286"}],"curies":[{"name":"wp","href":"https:\/\/api.w.org\/{rel}","templated":true}]}}